{"id":13,"date":"2019-09-05T14:35:18","date_gmt":"2019-09-05T14:35:18","guid":{"rendered":"http:\/\/morgangarage.de\/?page_id=13"},"modified":"2019-09-06T16:26:53","modified_gmt":"2019-09-06T16:26:53","slug":"datenschutzerklaerung","status":"publish","type":"page","link":"https:\/\/morgangarage.de\/?page_id=13","title":{"rendered":"Datenschutzerkl\u00e4rung"},"content":{"rendered":"\n<h2>1. Datenschutz auf einen Blick<\/h2>\n\n\n\n<h3>Allgemeine Hinweise<\/h3>\n\n\n\n<p class=\"has-text-color has-very-dark-gray-color\">Die folgenden Hinweise geben einen einfachen \u00dcberblick\ndar\u00fcber, was mit Ihren personenbezogenen Daten passiert, wenn Sie unsere\nWebsite besuchen. Personenbezogene Daten sind alle Daten, mit denen Sie\npers\u00f6nlich identifiziert werden k\u00f6nnen. Ausf\u00fchrliche Informationen zum Thema\nDatenschutz entnehmen Sie unserer unter diesem Text aufgef\u00fchrten\nDatenschutzerkl\u00e4rung.<\/p>\n\n\n\n<h3>Datenerfassung auf unserer Website<\/h3>\n\n\n\n<p class=\"has-text-color has-very-dark-gray-color\"><strong>Wer ist verantwortlich f\u00fcr die\nDatenerfassung auf dieser Website?<\/strong><\/p>\n\n\n\n<p class=\"has-text-color has-very-dark-gray-color\">Die Datenverarbeitung auf dieser Website erfolgt durch\nden Websitebetreiber. Dessen Kontaktdaten k\u00f6nnen Sie dem Impressum dieser\nWebsite entnehmen.<\/p>\n\n\n\n<p class=\"has-text-color has-very-dark-gray-color\"><strong>Wie erfassen wir Ihre Daten?<\/strong><\/p>\n\n\n\n<p class=\"has-text-color has-very-dark-gray-color\">Ihre Daten werden zum einen dadurch erhoben, dass Sie uns\ndiese mitteilen. Hierbei kann es sich z.B. um Daten handeln, die Sie in ein\nKontaktformular eingeben.<\/p>\n\n\n\n<p class=\"has-text-color has-very-dark-gray-color\">Andere Daten werden automatisch beim Besuch der Website\ndurch unsere IT-Systeme erfasst. Das sind vor allem technische Daten (z.B.\nInternetbrowser, Betriebssystem oder Uhrzeit des Seitenaufrufs). Die Erfassung\ndieser Daten erfolgt automatisch, sobald Sie unsere Website betreten.<\/p>\n\n\n\n<p class=\"has-text-color has-very-dark-gray-color\"><strong>Wof\u00fcr nutzen wir Ihre Daten?<\/strong><\/p>\n\n\n\n<p class=\"has-text-color has-very-dark-gray-color\">Ein Teil der Daten wird erhoben, um eine fehlerfreie\nBereitstellung der Website zu gew\u00e4hrleisten. Andere Daten k\u00f6nnen zur Analyse\nIhres Nutzerverhaltens verwendet werden.<\/p>\n\n\n\n<p class=\"has-text-color has-very-dark-gray-color\"><strong>Welche Rechte haben Sie bez\u00fcglich Ihrer\nDaten?<\/strong><\/p>\n\n\n\n<p class=\"has-text-color has-very-dark-gray-color\">Sie haben jederzeit das Recht unentgeltlich Auskunft \u00fcber\nHerkunft, Empf\u00e4nger und Zweck Ihrer gespeicherten personenbezogenen Daten zu\nerhalten. Sie haben au\u00dferdem ein Recht, die Berichtigung, Sperrung oder\nL\u00f6schung dieser Daten zu verlangen. Hierzu sowie zu weiteren Fragen zum Thema\nDatenschutz k\u00f6nnen Sie sich jederzeit unter der im Impressum angegebenen\nAdresse an uns wenden. Des Weiteren steht Ihnen ein Beschwerderecht bei der\nzust\u00e4ndigen Aufsichtsbeh\u00f6rde zu.<\/p>\n\n\n\n<h2>2. Allgemeine Hinweise und\nPflichtinformationen<\/h2>\n\n\n\n<h3>Datenschutz<\/h3>\n\n\n\n<p class=\"has-text-color has-very-dark-gray-color\">Die Betreiber dieser Seiten nehmen den Schutz Ihrer\npers\u00f6nlichen Daten sehr ernst. Wir behandeln Ihre personenbezogenen Daten\nvertraulich und entsprechend der gesetzlichen Datenschutzvorschriften sowie\ndieser Datenschutzerkl\u00e4rung.<\/p>\n\n\n\n<p class=\"has-text-color has-very-dark-gray-color\">Wenn Sie diese Website benutzen, werden verschiedene\npersonenbezogene Daten erhoben. Personenbezogene Daten sind Daten, mit denen\nSie pers\u00f6nlich identifiziert werden k\u00f6nnen. Die vorliegende\nDatenschutzerkl\u00e4rung erl\u00e4utert, welche Daten wir erheben und wof\u00fcr wir sie nutzen.\nSie erl\u00e4utert auch, wie und zu welchem Zweck das geschieht.<\/p>\n\n\n\n<p class=\"has-text-color has-very-dark-gray-color\">Wir weisen darauf hin, dass die Daten\u00fcbertragung im\nInternet (z.B. bei der Kommunikation per E-Mail) Sicherheitsl\u00fccken aufweisen\nkann. Ein l\u00fcckenloser Schutz der Daten vor dem Zugriff durch Dritte ist nicht\nm\u00f6glich.<\/p>\n\n\n\n<h3>Hinweis zur verantwortlichen Stelle<\/h3>\n\n\n\n<p class=\"has-text-color has-very-dark-gray-color\">Die verantwortliche Stelle f\u00fcr die Datenverarbeitung auf\ndieser Website ist:<\/p>\n\n\n\n<p class=\"has-text-color has-very-dark-gray-color\"><strong>Matthias Kreyes<br>Bachstrasse 19<br>D-52445 Titz-Hassweiler<br><br>Telefon: +49 (24 63) 99 84 63 <br>E-Mail: info@morgangarage.de<\/strong><\/p>\n\n\n\n<p class=\"has-text-color has-very-dark-gray-color\">Verantwortliche Stelle ist die nat\u00fcrliche oder\njuristische Person, die allein oder gemeinsam mit anderen \u00fcber die Zwecke und\nMittel der Verarbeitung von personenbezogenen Daten (z.B. Namen,\nE-Mail-Adressen o. \u00c4.) entscheidet.<\/p>\n\n\n\n<h3>Widerruf Ihrer Einwilligung zur\nDatenverarbeitung<\/h3>\n\n\n\n<p class=\"has-text-color has-very-dark-gray-color\">Viele Datenverarbeitungsvorg\u00e4nge sind nur mit Ihrer\nausdr\u00fccklichen Einwilligung m\u00f6glich. Sie k\u00f6nnen eine bereits erteilte\nEinwilligung jederzeit widerrufen. Dazu reicht eine formlose Mitteilung per\nE-Mail an uns. Die Rechtm\u00e4\u00dfigkeit der bis zum Widerruf erfolgten\nDatenverarbeitung bleibt vom Widerruf unber\u00fchrt.<\/p>\n\n\n\n<h3>Beschwerderecht bei der zust\u00e4ndigen\nAufsichtsbeh\u00f6rde<\/h3>\n\n\n\n<p class=\"has-text-color has-very-dark-gray-color\">Im Falle datenschutzrechtlicher Verst\u00f6\u00dfe steht dem\nBetroffenen ein Beschwerderecht bei der zust\u00e4ndigen Aufsichtsbeh\u00f6rde zu. Zust\u00e4ndige\nAufsichtsbeh\u00f6rde in datenschutzrechtlichen Fragen ist der\nLandesdatenschutzbeauftragte des Bundeslandes, in dem unser Unternehmen seinen\nSitz hat. Eine Liste der Datenschutzbeauftragten sowie deren Kontaktdaten\nk\u00f6nnen folgendem Link entnommen werden: <a href=\"https:\/\/www.bfdi.bund.de\/DE\/Infothek\/Anschriften_Links\/anschriften_links-node.html\" target=\"_blank\" rel=\"noreferrer noopener\">https:\/\/www.bfdi.bund.de\/DE\/Infothek\/Anschriften_Links\/anschriften_links-node.html<\/a>.<\/p>\n\n\n\n<h3>Recht auf Daten\u00fcbertragbarkeit<\/h3>\n\n\n\n<p class=\"has-text-color has-very-dark-gray-color\">Sie haben das Recht, Daten, die wir auf Grundlage Ihrer\nEinwilligung oder in Erf\u00fcllung eines Vertrags automatisiert verarbeiten, an\nsich oder an einen Dritten in einem g\u00e4ngigen, maschinenlesbaren Format\naush\u00e4ndigen zu lassen. Sofern Sie die direkte \u00dcbertragung der Daten an einen\nanderen Verantwortlichen verlangen, erfolgt dies nur, soweit es technisch\nmachbar ist.<\/p>\n\n\n\n<h3>Auskunft, Sperrung, L\u00f6schung<\/h3>\n\n\n\n<p class=\"has-text-color has-very-dark-gray-color\">Sie haben im Rahmen der geltenden gesetzlichen\nBestimmungen jederzeit das Recht auf unentgeltliche Auskunft \u00fcber Ihre\ngespeicherten personenbezogenen Daten, deren Herkunft und Empf\u00e4nger und den\nZweck der Datenverarbeitung und ggf. ein Recht auf Berichtigung, Sperrung oder\nL\u00f6schung dieser Daten. Hierzu sowie zu weiteren Fragen zum Thema\npersonenbezogene Daten k\u00f6nnen Sie sich jederzeit unter der im Impressum\nangegebenen Adresse an uns wenden.<\/p>\n\n\n\n<h3>Widerspruch gegen Werbe-Mails<\/h3>\n\n\n\n<p class=\"has-text-color has-very-dark-gray-color\">Der Nutzung von im Rahmen der Impressumspflicht\nver\u00f6ffentlichten Kontaktdaten zur \u00dcbersendung von nicht ausdr\u00fccklich\nangeforderter Werbung und Informationsmaterialien wird hiermit widersprochen.\nDie Betreiber der Seiten behalten sich ausdr\u00fccklich rechtliche Schritte im\nFalle der unverlangten Zusendung von Werbeinformationen, etwa durch\nSpam-E-Mails, vor.<\/p>\n\n\n\n<h2>3. Datenerfassung auf unserer Website<\/h2>\n\n\n\n<h3>Cookies<\/h3>\n\n\n\n<p class=\"has-text-color has-very-dark-gray-color\">Die Internetseiten verwenden teilweise so genannte\nCookies. Cookies richten auf Ihrem Rechner keinen Schaden an und enthalten\nkeine Viren. Cookies dienen dazu, unser Angebot nutzerfreundlicher, effektiver\nund sicherer zu machen. Cookies sind kleine Textdateien, die auf Ihrem Rechner\nabgelegt werden und die Ihr Browser speichert.<\/p>\n\n\n\n<p class=\"has-text-color has-very-dark-gray-color\">Die meisten der von uns verwendeten Cookies sind so\ngenannte \u201cSession-Cookies\u201d. Sie werden nach Ende Ihres Besuchs automatisch\ngel\u00f6scht. Andere Cookies bleiben auf Ihrem Endger\u00e4t gespeichert bis Sie diese\nl\u00f6schen. Diese Cookies erm\u00f6glichen es uns, Ihren Browser beim n\u00e4chsten Besuch\nwiederzuerkennen.<\/p>\n\n\n\n<p class=\"has-text-color has-very-dark-gray-color\">Sie k\u00f6nnen Ihren Browser so einstellen, dass Sie \u00fcber das\nSetzen von Cookies informiert werden und Cookies nur im Einzelfall erlauben,\ndie Annahme von Cookies f\u00fcr bestimmte F\u00e4lle oder generell ausschlie\u00dfen sowie\ndas automatische L\u00f6schen der Cookies beim Schlie\u00dfen des Browser aktivieren. Bei\nder Deaktivierung von Cookies kann die Funktionalit\u00e4t dieser Website\neingeschr\u00e4nkt sein.<\/p>\n\n\n\n<p class=\"has-text-color has-very-dark-gray-color\">Cookies, die zur Durchf\u00fchrung des elektronischen\nKommunikationsvorgangs oder zur Bereitstellung bestimmter, von Ihnen\nerw\u00fcnschter Funktionen (z.B. Warenkorbfunktion) erforderlich sind, werden auf\nGrundlage von Art. 6 Abs. 1 lit. f DSGVO gespeichert. Der Websitebetreiber hat\nein berechtigtes Interesse an der Speicherung von Cookies zur technisch\nfehlerfreien und optimierten Bereitstellung seiner Dienste. Soweit andere\nCookies (z.B. Cookies zur Analyse Ihres Surfverhaltens) gespeichert werden,\nwerden diese in dieser Datenschutzerkl\u00e4rung gesondert behandelt.<\/p>\n\n\n\n<h3>Server-Log-Dateien<\/h3>\n\n\n\n<p class=\"has-text-color has-very-dark-gray-color\">Der Provider der Seiten erhebt und speichert automatisch\nInformationen in so genannten Server-Log-Dateien, die Ihr Browser automatisch\nan uns \u00fcbermittelt. Dies sind:<\/p>\n\n\n\n<p class=\"has-text-color has-very-dark-gray-color\">Browsertyp  und Browserversion<br>verwendetes Betriebssystem<br>Referrer-URL<br>Hostname des zugreifenden Rechners<br>Uhrzeit der Serveranfrage<br>IP-Adresse<\/p>\n\n\n\n<p class=\"has-text-color has-very-dark-gray-color\">Eine Zusammenf\u00fchrung dieser Daten mit anderen\nDatenquellen wird nicht vorgenommen.<\/p>\n\n\n\n<p class=\"has-text-color has-very-dark-gray-color\">Grundlage f\u00fcr die Datenverarbeitung ist Art. 6 Abs. 1\nlit. f DSGVO, der die Verarbeitung von Daten zur Erf\u00fcllung eines Vertrags oder\nvorvertraglicher Ma\u00dfnahmen gestattet.<\/p>\n\n\n\n<figure class=\"wp-block-image\"><img decoding=\"async\" loading=\"lazy\" width=\"120\" height=\"156\" src=\"http:\/\/morgangarage.de\/wp-content\/uploads\/2019\/09\/erecht_rot.png\" alt=\"\" class=\"wp-image-11\"\/><\/figure>\n","protected":false},"excerpt":{"rendered":"<p>1. Datenschutz auf einen Blick Allgemeine Hinweise Die folgenden Hinweise geben einen einfachen \u00dcberblick dar\u00fcber, was mit Ihren personenbezogenen Daten passiert, wenn Sie unsere Website besuchen. Personenbezogene Daten sind alle Daten, mit denen Sie pers\u00f6nlich identifiziert werden k\u00f6nnen. Ausf\u00fchrliche Informationen zum Thema Datenschutz entnehmen Sie unserer unter diesem Text aufgef\u00fchrten Datenschutzerkl\u00e4rung. Datenerfassung auf unserer Website [&hellip;]<\/p>\n","protected":false},"author":1,"featured_media":0,"parent":0,"menu_order":0,"comment_status":"closed","ping_status":"closed","template":"","meta":[],"_links":{"self":[{"href":"https:\/\/morgangarage.de\/index.php?rest_route=\/wp\/v2\/pages\/13"}],"collection":[{"href":"https:\/\/morgangarage.de\/index.php?rest_route=\/wp\/v2\/pages"}],"about":[{"href":"https:\/\/morgangarage.de\/index.php?rest_route=\/wp\/v2\/types\/page"}],"author":[{"embeddable":true,"href":"https:\/\/morgangarage.de\/index.php?rest_route=\/wp\/v2\/users\/1"}],"replies":[{"embeddable":true,"href":"https:\/\/morgangarage.de\/index.php?rest_route=%2Fwp%2Fv2%2Fcomments&post=13"}],"version-history":[{"count":3,"href":"https:\/\/morgangarage.de\/index.php?rest_route=\/wp\/v2\/pages\/13\/revisions"}],"predecessor-version":[{"id":78,"href":"https:\/\/morgangarage.de\/index.php?rest_route=\/wp\/v2\/pages\/13\/revisions\/78"}],"wp:attachment":[{"href":"https:\/\/morgangarage.de\/index.php?rest_route=%2Fwp%2Fv2%2Fmedia&parent=13"}],"curies":[{"name":"wp","href":"https:\/\/api.w.org\/{rel}","templated":true}]}}